{"id":5695,"date":"2023-09-26T14:30:10","date_gmt":"2023-09-26T14:30:10","guid":{"rendered":"http:\/\/eyo-eyewear.comproducto\/sharp-bergen\/"},"modified":"2023-11-29T11:45:48","modified_gmt":"2023-11-29T11:45:48","slug":"sharp-bergen","status":"publish","type":"product","link":"https:\/\/eyo-eyewear.com\/ca\/producto\/sharp-bergen\/","title":{"rendered":"Sharp Bergen"},"content":{"rendered":"","protected":false},"excerpt":{"rendered":"<p>Bergen, situada entre les Set Muntanyes, mirant els fiords i amb les cases hanse\u00e0tiques del preci\u00f3s barri Bryggensus reflectides a l&#8217;aigua, captiva els seus visitants, com ens va captivar per dissenyar les <strong>Sharp Bergen.<\/strong><\/p>\n<p>Aquestes ulleres per a ell i per a ella ofereixen un look desenfadat, les <strong>Sharp Bergen<\/strong> s\u00f3n ideals per a aquelles persones amb aud\u00e0cia i intel\u00b7lig\u00e8ncia, que els agradi descobrir coses noves a trav\u00e9s de la lectura i de les experi\u00e8ncies innovadores. Elegants, austeres i comod\u00edssimes. El seu disseny arrodonit ens recorda a les l\u00ednies del reflex de les barques al port.<\/p>\n<p class=\"medidas\">MIDES:<\/p>\n<ul class=\"iconproducts\">\n<li><img decoding=\"async\" src=\"https:\/\/eyo-eyewear.com\/wp-content\/uploads\/2023\/10\/iconos-03.webp\"> 142mm<\/li>\n<li><img decoding=\"async\" src=\"https:\/\/eyo-eyewear.com\/wp-content\/uploads\/2023\/10\/iconos-02.webp\"> 53mm<\/li>\n<li><img decoding=\"async\" src=\"https:\/\/eyo-eyewear.com\/wp-content\/uploads\/2023\/10\/iconos-01.png\"> 18mm<\/li>\n<\/ul>\n","protected":false},"featured_media":5564,"template":"","meta":[],"product_brand":[],"product_cat":[165],"product_tag":[162],"class_list":{"0":"post-5695","1":"product","2":"type-product","3":"status-publish","4":"has-post-thumbnail","6":"product_cat-mixtes","7":"product_tag-muntura-mixta","9":"first","10":"instock","11":"taxable","12":"shipping-taxable","13":"purchasable","14":"product-type-variable","15":"has-default-attributes"},"_links":{"self":[{"href":"https:\/\/eyo-eyewear.com\/ca\/wp-json\/wp\/v2\/product\/5695","targetHints":{"allow":["GET"]}}],"collection":[{"href":"https:\/\/eyo-eyewear.com\/ca\/wp-json\/wp\/v2\/product"}],"about":[{"href":"https:\/\/eyo-eyewear.com\/ca\/wp-json\/wp\/v2\/types\/product"}],"version-history":[{"count":2,"href":"https:\/\/eyo-eyewear.com\/ca\/wp-json\/wp\/v2\/product\/5695\/revisions"}],"predecessor-version":[{"id":6706,"href":"https:\/\/eyo-eyewear.com\/ca\/wp-json\/wp\/v2\/product\/5695\/revisions\/6706"}],"wp:featuredmedia":[{"embeddable":true,"href":"https:\/\/eyo-eyewear.com\/ca\/wp-json\/wp\/v2\/media\/5564"}],"wp:attachment":[{"href":"https:\/\/eyo-eyewear.com\/ca\/wp-json\/wp\/v2\/media?parent=5695"}],"wp:term":[{"taxonomy":"product_brand","embeddable":true,"href":"https:\/\/eyo-eyewear.com\/ca\/wp-json\/wp\/v2\/product_brand?post=5695"},{"taxonomy":"product_cat","embeddable":true,"href":"https:\/\/eyo-eyewear.com\/ca\/wp-json\/wp\/v2\/product_cat?post=5695"},{"taxonomy":"product_tag","embeddable":true,"href":"https:\/\/eyo-eyewear.com\/ca\/wp-json\/wp\/v2\/product_tag?post=5695"}],"curies":[{"name":"wp","href":"https:\/\/api.w.org\/{rel}","templated":true}]}}