{"id":6078,"date":"2023-10-13T06:56:38","date_gmt":"2023-10-13T06:56:38","guid":{"rendered":"http:\/\/eyo-eyewear.com?post_type=product&#038;p=6078"},"modified":"2023-12-22T09:11:58","modified_gmt":"2023-12-22T09:11:58","slug":"smart-boston","status":"publish","type":"product","link":"https:\/\/eyo-eyewear.com\/ca\/producto\/smart-boston\/","title":{"rendered":"Smart Boston"},"content":{"rendered":"","protected":false},"excerpt":{"rendered":"<p><span style=\"font-weight: 400;\">Boston, bressol d&#8217;innovaci\u00f3 i excel\u00b7l\u00e8ncia acad\u00e8mica, \u00e9s la ciutat que hi ha darrere de les <\/span><b>Smart Boston<\/b><span style=\"font-weight: 400;\">. Aquestes ulleres fusionen estil i funcionalitat en un disseny que homenatja la cultura <\/span><i><span style=\"font-weight: 400;\">nerd<\/span><\/i><span style=\"font-weight: 400;\">. Inspirades en les ic\u00f2niques ulleres dels intel\u00b7lectuals, amb l\u00ednies netes i muntura de pasta, les <\/span><b>Smart Boston<\/b><span style=\"font-weight: 400;\"> evoquen una est\u00e8tica cl\u00e0ssica, per\u00f2 renovada que ressalta el car\u00e0cter modern i avantguardista d&#8217;aquesta ciutat pionera.<\/span><\/p>\n<p><span style=\"font-weight: 400;\">Sent l&#8217;energia d&#8217;una ciutat en evoluci\u00f3 constant, on el coneixement i la creativitat convergeixen per donar forma al futur. Les <\/span><b>Smart Boston<\/b><span style=\"font-weight: 400;\"> capturen l&#8217;esperit d&#8217;innovaci\u00f3 que caracteritza a la ciutat, atorgant un toc genu\u00ed i distingit el teu look.<\/span><\/p>\n<p class=\"medidas\">MESURES:<\/p>\n<ul class=\"iconproducts\">\n<li><img decoding=\"async\" src=\"https:\/\/eyo-eyewear.com\/wp-content\/uploads\/2023\/10\/iconos-03.webp\" \/> 145mm<\/li>\n<li><img decoding=\"async\" src=\"https:\/\/eyo-eyewear.com\/wp-content\/uploads\/2023\/10\/iconos-02.webp\" \/> 53mm<\/li>\n<li><img decoding=\"async\" src=\"https:\/\/eyo-eyewear.com\/wp-content\/uploads\/2023\/10\/iconos-01.png\" \/> 22mm<\/li>\n<\/ul>\n","protected":false},"featured_media":6614,"template":"","meta":[],"product_brand":[],"product_cat":[166],"product_tag":[163],"class_list":{"0":"post-6078","1":"product","2":"type-product","3":"status-publish","4":"has-post-thumbnail","6":"product_cat-pasta-ca","7":"product_tag-muntura-acetat","9":"first","10":"instock","11":"taxable","12":"shipping-taxable","13":"purchasable","14":"product-type-variable","15":"has-default-attributes"},"_links":{"self":[{"href":"https:\/\/eyo-eyewear.com\/ca\/wp-json\/wp\/v2\/product\/6078","targetHints":{"allow":["GET"]}}],"collection":[{"href":"https:\/\/eyo-eyewear.com\/ca\/wp-json\/wp\/v2\/product"}],"about":[{"href":"https:\/\/eyo-eyewear.com\/ca\/wp-json\/wp\/v2\/types\/product"}],"version-history":[{"count":2,"href":"https:\/\/eyo-eyewear.com\/ca\/wp-json\/wp\/v2\/product\/6078\/revisions"}],"predecessor-version":[{"id":6644,"href":"https:\/\/eyo-eyewear.com\/ca\/wp-json\/wp\/v2\/product\/6078\/revisions\/6644"}],"wp:featuredmedia":[{"embeddable":true,"href":"https:\/\/eyo-eyewear.com\/ca\/wp-json\/wp\/v2\/media\/6614"}],"wp:attachment":[{"href":"https:\/\/eyo-eyewear.com\/ca\/wp-json\/wp\/v2\/media?parent=6078"}],"wp:term":[{"taxonomy":"product_brand","embeddable":true,"href":"https:\/\/eyo-eyewear.com\/ca\/wp-json\/wp\/v2\/product_brand?post=6078"},{"taxonomy":"product_cat","embeddable":true,"href":"https:\/\/eyo-eyewear.com\/ca\/wp-json\/wp\/v2\/product_cat?post=6078"},{"taxonomy":"product_tag","embeddable":true,"href":"https:\/\/eyo-eyewear.com\/ca\/wp-json\/wp\/v2\/product_tag?post=6078"}],"curies":[{"name":"wp","href":"https:\/\/api.w.org\/{rel}","templated":true}]}}