{"id":6091,"date":"2023-10-13T06:52:58","date_gmt":"2023-10-13T06:52:58","guid":{"rendered":"http:\/\/eyo-eyewear.com?post_type=product&#038;p=6091"},"modified":"2023-12-21T09:41:53","modified_gmt":"2023-12-21T09:41:53","slug":"iconic-barcelona","status":"publish","type":"product","link":"https:\/\/eyo-eyewear.com\/ca\/producto\/iconic-barcelona\/","title":{"rendered":"Iconic Barcelona"},"content":{"rendered":"","protected":false},"excerpt":{"rendered":"<p><span style=\"font-weight: 400;\">Barcelona, la nostra estimada ciutat ve\u00efna, vibrant i plena d&#8217;encant. Aquesta font d&#8217;estil i avantguarda \u00e9s la musa darrere de les <\/span><b>Iconic Barcelona<\/b><span style=\"font-weight: 400;\">. Inspirades en l&#8217;energia creativa de la ciutat comtal, aquestes ulleres rendeixen tribut a la geometria matem\u00e0tica de l&#8217;Eixample. El Pla Cerd\u00e0, un projecte dissenyat per l&#8217;enginyer Ildefons Cerd\u00e0 i materialitzat el 1859 amb vista a urbanitzar, de manera estructurada, la ciutat, at\u00e8s el seu creixement exponencial.<\/span><\/p>\n<p><span style=\"font-weight: 400;\">Com el patr\u00f3 previst per al nou model de metr\u00f2poli, el disseny de les<\/span><b> Iconic Barcelona<\/b><span style=\"font-weight: 400;\"> parteix d&#8217;una ret\u00edcula dotada de diagonals i l\u00ednies definides que denoten un fort car\u00e0cter avantguardista. Fabricades amb materials d&#8217;alta qualitat, ofereixen comoditat i durabilitat per a la vida urbana. Sens dubte, aquestes ulleres s\u00f3n perfectes per als que busquen destacar amb una mirada contempor\u00e0nia i aut\u00e8ntica en cada pas.<\/span><\/p>\n<p class=\"medidas\">MESURES:<\/p>\n<ul class=\"iconproducts\">\n<li><img decoding=\"async\" src=\"https:\/\/eyo-eyewear.com\/wp-content\/uploads\/2023\/10\/iconos-03.webp\" \/> 139mm<\/li>\n<li><img decoding=\"async\" src=\"https:\/\/eyo-eyewear.com\/wp-content\/uploads\/2023\/10\/iconos-02.webp\" \/> 50mm<\/li>\n<li><img decoding=\"async\" src=\"https:\/\/eyo-eyewear.com\/wp-content\/uploads\/2023\/10\/iconos-01.png\" \/> 22mm<\/li>\n<\/ul>\n","protected":false},"featured_media":6400,"template":"","meta":[],"product_brand":[],"product_cat":[166],"product_tag":[163],"class_list":{"0":"post-6091","1":"product","2":"type-product","3":"status-publish","4":"has-post-thumbnail","6":"product_cat-pasta-ca","7":"product_tag-muntura-acetat","9":"first","10":"instock","11":"taxable","12":"shipping-taxable","13":"purchasable","14":"product-type-variable","15":"has-default-attributes"},"_links":{"self":[{"href":"https:\/\/eyo-eyewear.com\/ca\/wp-json\/wp\/v2\/product\/6091","targetHints":{"allow":["GET"]}}],"collection":[{"href":"https:\/\/eyo-eyewear.com\/ca\/wp-json\/wp\/v2\/product"}],"about":[{"href":"https:\/\/eyo-eyewear.com\/ca\/wp-json\/wp\/v2\/types\/product"}],"version-history":[{"count":1,"href":"https:\/\/eyo-eyewear.com\/ca\/wp-json\/wp\/v2\/product\/6091\/revisions"}],"predecessor-version":[{"id":6646,"href":"https:\/\/eyo-eyewear.com\/ca\/wp-json\/wp\/v2\/product\/6091\/revisions\/6646"}],"wp:featuredmedia":[{"embeddable":true,"href":"https:\/\/eyo-eyewear.com\/ca\/wp-json\/wp\/v2\/media\/6400"}],"wp:attachment":[{"href":"https:\/\/eyo-eyewear.com\/ca\/wp-json\/wp\/v2\/media?parent=6091"}],"wp:term":[{"taxonomy":"product_brand","embeddable":true,"href":"https:\/\/eyo-eyewear.com\/ca\/wp-json\/wp\/v2\/product_brand?post=6091"},{"taxonomy":"product_cat","embeddable":true,"href":"https:\/\/eyo-eyewear.com\/ca\/wp-json\/wp\/v2\/product_cat?post=6091"},{"taxonomy":"product_tag","embeddable":true,"href":"https:\/\/eyo-eyewear.com\/ca\/wp-json\/wp\/v2\/product_tag?post=6091"}],"curies":[{"name":"wp","href":"https:\/\/api.w.org\/{rel}","templated":true}]}}