{"id":6155,"date":"2023-09-26T14:26:56","date_gmt":"2023-09-26T14:26:56","guid":{"rendered":"http:\/\/eyo-eyewear.comproducto\/genuine-reus\/"},"modified":"2023-11-29T12:06:06","modified_gmt":"2023-11-29T12:06:06","slug":"genuine-reus","status":"publish","type":"product","link":"https:\/\/eyo-eyewear.com\/ca\/producto\/genuine-reus\/","title":{"rendered":"Genuine Reus"},"content":{"rendered":"","protected":false},"excerpt":{"rendered":"<p>Reus, la nostra Reus. La ciutat que va veure n\u00e9ixer Antoni Gaud\u00ed, gran geni del modernisme i arquitecte de la Sagrada Fam\u00edlia o la Casa Batll\u00f3. La capital del Baix Camp \u00e9s el bressol del vermut i, ara, el principal protagonista de la firma EYO Eyewear.<\/p>\n<p>Mirar els or\u00edgens \u00e9s fonamental per con\u00e8ixer la signatura: les <strong>Genuine Reus<\/strong> representen la personalitat dels de Reus: carisma, car\u00e0cter i exclusivitat.<\/p>\n<p>Rodones, met\u00e0l\u00b7liques i de pasta. Unes ulleres atrevides i molt elegants. Pensades per vestir mirades que volen marcar la difer\u00e8ncia.<\/p>\n<p class=\"medidas\">MIDES:<\/p>\n<ul class=\"iconproducts\">\n<li><img decoding=\"async\" src=\"https:\/\/eyo-eyewear.com\/wp-content\/uploads\/2023\/10\/iconos-03.webp\"> 142mm<\/li>\n<li><img decoding=\"async\" src=\"https:\/\/eyo-eyewear.com\/wp-content\/uploads\/2023\/10\/iconos-02.webp\"> 53mm<\/li>\n<li><img decoding=\"async\" src=\"https:\/\/eyo-eyewear.com\/wp-content\/uploads\/2023\/10\/iconos-01.png\"> 18mm<\/li>\n<\/ul>\n","protected":false},"featured_media":5431,"template":"","meta":[],"product_brand":[],"product_cat":[165],"product_tag":[162],"class_list":{"0":"post-6155","1":"product","2":"type-product","3":"status-publish","4":"has-post-thumbnail","6":"product_cat-mixtes","7":"product_tag-muntura-mixta","9":"first","10":"instock","11":"featured","12":"taxable","13":"shipping-taxable","14":"purchasable","15":"product-type-variable","16":"has-default-attributes"},"_links":{"self":[{"href":"https:\/\/eyo-eyewear.com\/ca\/wp-json\/wp\/v2\/product\/6155","targetHints":{"allow":["GET"]}}],"collection":[{"href":"https:\/\/eyo-eyewear.com\/ca\/wp-json\/wp\/v2\/product"}],"about":[{"href":"https:\/\/eyo-eyewear.com\/ca\/wp-json\/wp\/v2\/types\/product"}],"version-history":[{"count":3,"href":"https:\/\/eyo-eyewear.com\/ca\/wp-json\/wp\/v2\/product\/6155\/revisions"}],"predecessor-version":[{"id":6718,"href":"https:\/\/eyo-eyewear.com\/ca\/wp-json\/wp\/v2\/product\/6155\/revisions\/6718"}],"wp:featuredmedia":[{"embeddable":true,"href":"https:\/\/eyo-eyewear.com\/ca\/wp-json\/wp\/v2\/media\/5431"}],"wp:attachment":[{"href":"https:\/\/eyo-eyewear.com\/ca\/wp-json\/wp\/v2\/media?parent=6155"}],"wp:term":[{"taxonomy":"product_brand","embeddable":true,"href":"https:\/\/eyo-eyewear.com\/ca\/wp-json\/wp\/v2\/product_brand?post=6155"},{"taxonomy":"product_cat","embeddable":true,"href":"https:\/\/eyo-eyewear.com\/ca\/wp-json\/wp\/v2\/product_cat?post=6155"},{"taxonomy":"product_tag","embeddable":true,"href":"https:\/\/eyo-eyewear.com\/ca\/wp-json\/wp\/v2\/product_tag?post=6155"}],"curies":[{"name":"wp","href":"https:\/\/api.w.org\/{rel}","templated":true}]}}