{"id":6168,"date":"2023-09-26T14:27:23","date_gmt":"2023-09-26T14:27:23","guid":{"rendered":"http:\/\/eyo-eyewear.comproducto\/wise-heidelberg\/"},"modified":"2023-11-29T12:00:47","modified_gmt":"2023-11-29T12:00:47","slug":"wise-heidelberg","status":"publish","type":"product","link":"https:\/\/eyo-eyewear.com\/ca\/producto\/wise-heidelberg\/","title":{"rendered":"Wise Heidelberg"},"content":{"rendered":"","protected":false},"excerpt":{"rendered":"<p>Heidelberg, situada a la Vall del riu Neckar, \u00e9s la ciutat universit\u00e0ria m\u00e9s antiga d&#8217;Alemanya. Des del Hauptstrasse, el carrer de vianants m\u00e9s llarg d&#8217;Alemanya, es pot passejar entre els fabulosos edificis barrocs fins al centre de la ciutat. Heidelberg \u00e9s la font d&#8217;inspiraci\u00f3 d&#8217;aquesta muntura. S\u00f2bria i formal, despr\u00e8n aires d&#8217;intel\u00b7lig\u00e8ncia i saviesa. Aquestes ulleres met\u00e0l\u00b7liques de l\u00ednies fines i rectes, unides per suaus corbes, aporten eleg\u00e0ncia i subtilesa a la mirada.<\/p>\n<p>Les <strong>Wise Heidelberg<\/strong> s\u00f3n ideals per a persones amb grans inquietuds, amb la fermesa de qui no t\u00e9 por de saber-ne m\u00e9s i m\u00e9s. El disseny d&#8217;extrems arrodonits recorda les llambordes de la Marktplatz o els arcs del pont vell Alte Br\u00fccke. El saber no ocupa lloc, com tampoc no ho fan aquestes ulleres unisex fines, lleugeres i c\u00f2modes de portar.<\/p>\n<p class=\"medidas\">MIDES:<\/p>\n<ul class=\"iconproducts\">\n<li><img decoding=\"async\" src=\"https:\/\/eyo-eyewear.com\/wp-content\/uploads\/2023\/10\/iconos-03.webp\"> 142mm<\/li>\n<li><img decoding=\"async\" src=\"https:\/\/eyo-eyewear.com\/wp-content\/uploads\/2023\/10\/iconos-02.webp\"> 53mm<\/li>\n<li><img decoding=\"async\" src=\"https:\/\/eyo-eyewear.com\/wp-content\/uploads\/2023\/10\/iconos-01.png\"> 18mm<\/li>\n<\/ul>\n","protected":false},"featured_media":5445,"template":"","meta":[],"product_brand":[],"product_cat":[165],"product_tag":[162],"class_list":{"0":"post-6168","1":"product","2":"type-product","3":"status-publish","4":"has-post-thumbnail","6":"product_cat-mixtes","7":"product_tag-muntura-mixta","9":"first","10":"instock","11":"taxable","12":"shipping-taxable","13":"purchasable","14":"product-type-variable","15":"has-default-attributes"},"_links":{"self":[{"href":"https:\/\/eyo-eyewear.com\/ca\/wp-json\/wp\/v2\/product\/6168","targetHints":{"allow":["GET"]}}],"collection":[{"href":"https:\/\/eyo-eyewear.com\/ca\/wp-json\/wp\/v2\/product"}],"about":[{"href":"https:\/\/eyo-eyewear.com\/ca\/wp-json\/wp\/v2\/types\/product"}],"version-history":[{"count":3,"href":"https:\/\/eyo-eyewear.com\/ca\/wp-json\/wp\/v2\/product\/6168\/revisions"}],"predecessor-version":[{"id":6717,"href":"https:\/\/eyo-eyewear.com\/ca\/wp-json\/wp\/v2\/product\/6168\/revisions\/6717"}],"wp:featuredmedia":[{"embeddable":true,"href":"https:\/\/eyo-eyewear.com\/ca\/wp-json\/wp\/v2\/media\/5445"}],"wp:attachment":[{"href":"https:\/\/eyo-eyewear.com\/ca\/wp-json\/wp\/v2\/media?parent=6168"}],"wp:term":[{"taxonomy":"product_brand","embeddable":true,"href":"https:\/\/eyo-eyewear.com\/ca\/wp-json\/wp\/v2\/product_brand?post=6168"},{"taxonomy":"product_cat","embeddable":true,"href":"https:\/\/eyo-eyewear.com\/ca\/wp-json\/wp\/v2\/product_cat?post=6168"},{"taxonomy":"product_tag","embeddable":true,"href":"https:\/\/eyo-eyewear.com\/ca\/wp-json\/wp\/v2\/product_tag?post=6168"}],"curies":[{"name":"wp","href":"https:\/\/api.w.org\/{rel}","templated":true}]}}