{"id":6224,"date":"2023-09-26T14:27:54","date_gmt":"2023-09-26T14:27:54","guid":{"rendered":"http:\/\/eyo-eyewear.comproducto\/intrepid-zanzibar\/"},"modified":"2023-11-29T11:57:56","modified_gmt":"2023-11-29T11:57:56","slug":"intrepid-zanzibar","status":"publish","type":"product","link":"https:\/\/eyo-eyewear.com\/ca\/producto\/intrepid-zanzibar\/","title":{"rendered":"Intrepid Zanzibar"},"content":{"rendered":"","protected":false},"excerpt":{"rendered":"<p>Zanz\u00edbar, un arxip\u00e8lag amb espectaculars platges i un meravell\u00f3s clima que ens transporta al tr\u00f2pic afric\u00e0&#8230; Elements clau per crear aquesta muntura. <strong>Intrepid Zanz\u00edbar<\/strong> est\u00e0 dissenyada per a aquelles persones amb visi\u00f3 aventurera, disposades a viatjar pel m\u00f3n sense por de res.<\/p>\n<p>El toc de carei o tortoiseshell de les ulleres <strong>Intrepid Zanz\u00edbar<\/strong> ens recorda les tortugues marines del nord de l&#8217;arxip\u00e8lag. El gruix del material daquesta montura i la combinaci\u00f3 de formes geom\u00e8triques transmeten for\u00e7a i harmonia. Aquestes ulleres s\u00f3n ideals per a mirades atrevides, aventureres i amb ganes de menjar-se el m\u00f3n.<\/p>\n<p class=\"medidas\">MIDES:<\/p>\n<ul class=\"iconproducts\">\n<li><img decoding=\"async\" src=\"https:\/\/eyo-eyewear.com\/wp-content\/uploads\/2023\/10\/iconos-03.webp\"> 142mm<\/li>\n<li><img decoding=\"async\" src=\"https:\/\/eyo-eyewear.com\/wp-content\/uploads\/2023\/10\/iconos-02.webp\"> 53mm<\/li>\n<li><img decoding=\"async\" src=\"https:\/\/eyo-eyewear.com\/wp-content\/uploads\/2023\/10\/iconos-01.png\"> 18mm<\/li>\n<\/ul>\n","protected":false},"featured_media":5471,"template":"","meta":[],"product_brand":[],"product_cat":[166],"product_tag":[163],"class_list":{"0":"post-6224","1":"product","2":"type-product","3":"status-publish","4":"has-post-thumbnail","6":"product_cat-pasta-ca","7":"product_tag-muntura-acetat","9":"first","10":"instock","11":"taxable","12":"shipping-taxable","13":"purchasable","14":"product-type-variable","15":"has-default-attributes"},"_links":{"self":[{"href":"https:\/\/eyo-eyewear.com\/ca\/wp-json\/wp\/v2\/product\/6224","targetHints":{"allow":["GET"]}}],"collection":[{"href":"https:\/\/eyo-eyewear.com\/ca\/wp-json\/wp\/v2\/product"}],"about":[{"href":"https:\/\/eyo-eyewear.com\/ca\/wp-json\/wp\/v2\/types\/product"}],"version-history":[{"count":2,"href":"https:\/\/eyo-eyewear.com\/ca\/wp-json\/wp\/v2\/product\/6224\/revisions"}],"predecessor-version":[{"id":6714,"href":"https:\/\/eyo-eyewear.com\/ca\/wp-json\/wp\/v2\/product\/6224\/revisions\/6714"}],"wp:featuredmedia":[{"embeddable":true,"href":"https:\/\/eyo-eyewear.com\/ca\/wp-json\/wp\/v2\/media\/5471"}],"wp:attachment":[{"href":"https:\/\/eyo-eyewear.com\/ca\/wp-json\/wp\/v2\/media?parent=6224"}],"wp:term":[{"taxonomy":"product_brand","embeddable":true,"href":"https:\/\/eyo-eyewear.com\/ca\/wp-json\/wp\/v2\/product_brand?post=6224"},{"taxonomy":"product_cat","embeddable":true,"href":"https:\/\/eyo-eyewear.com\/ca\/wp-json\/wp\/v2\/product_cat?post=6224"},{"taxonomy":"product_tag","embeddable":true,"href":"https:\/\/eyo-eyewear.com\/ca\/wp-json\/wp\/v2\/product_tag?post=6224"}],"curies":[{"name":"wp","href":"https:\/\/api.w.org\/{rel}","templated":true}]}}