{"id":6247,"date":"2023-09-26T14:27:54","date_gmt":"2023-09-26T14:27:54","guid":{"rendered":"http:\/\/eyo-eyewear.comproducto\/wild-rio\/"},"modified":"2023-11-29T11:59:10","modified_gmt":"2023-11-29T11:59:10","slug":"wild-rio","status":"publish","type":"product","link":"https:\/\/eyo-eyewear.com\/ca\/producto\/wild-rio\/","title":{"rendered":"Wild Rio"},"content":{"rendered":"","protected":false},"excerpt":{"rendered":"<p>Rio de Janeiro, amb incre\u00efbles platges i selves tropicals, d\u00f3na vida a aquestes ulleres tan emblem\u00e0tiques. Amb una personalitat arrabassadora que deixa sense al\u00e8, tant les ulleres com Rio es caracteritzen per la seva incomparable est\u00e8tica, que les fa \u00faniques i especials.<\/p>\n<p>De les aig\u00fces de Copacabana, <strong>Wild Rio<\/strong> va n\u00e9ixer aix\u00ed: l\u00ednies rectes dels alts gratacels, en combinaci\u00f3 amb les corbes suaus de les platges de la ciutat. Unes ulleres d&#8217;acetat i de mida mitjana: el c\u00f2ctel perfecte per a aquelles persones atrevides que volen marcar la difer\u00e8ncia.<\/p>\n<p class=\"medidas\">MIDES:<\/p>\n<ul class=\"iconproducts\">\n<li><img decoding=\"async\" src=\"https:\/\/eyo-eyewear.com\/wp-content\/uploads\/2023\/10\/iconos-03.webp\"> 142mm<\/li>\n<li><img decoding=\"async\" src=\"https:\/\/eyo-eyewear.com\/wp-content\/uploads\/2023\/10\/iconos-02.webp\"> 53mm<\/li>\n<li><img decoding=\"async\" src=\"https:\/\/eyo-eyewear.com\/wp-content\/uploads\/2023\/10\/iconos-01.png\"> 18mm<\/li>\n<\/ul>\n","protected":false},"featured_media":5462,"template":"","meta":[],"product_brand":[],"product_cat":[166],"product_tag":[163],"class_list":{"0":"post-6247","1":"product","2":"type-product","3":"status-publish","4":"has-post-thumbnail","6":"product_cat-pasta-ca","7":"product_tag-muntura-acetat","9":"first","10":"instock","11":"taxable","12":"shipping-taxable","13":"purchasable","14":"product-type-variable","15":"has-default-attributes"},"_links":{"self":[{"href":"https:\/\/eyo-eyewear.com\/ca\/wp-json\/wp\/v2\/product\/6247","targetHints":{"allow":["GET"]}}],"collection":[{"href":"https:\/\/eyo-eyewear.com\/ca\/wp-json\/wp\/v2\/product"}],"about":[{"href":"https:\/\/eyo-eyewear.com\/ca\/wp-json\/wp\/v2\/types\/product"}],"version-history":[{"count":2,"href":"https:\/\/eyo-eyewear.com\/ca\/wp-json\/wp\/v2\/product\/6247\/revisions"}],"predecessor-version":[{"id":6715,"href":"https:\/\/eyo-eyewear.com\/ca\/wp-json\/wp\/v2\/product\/6247\/revisions\/6715"}],"wp:featuredmedia":[{"embeddable":true,"href":"https:\/\/eyo-eyewear.com\/ca\/wp-json\/wp\/v2\/media\/5462"}],"wp:attachment":[{"href":"https:\/\/eyo-eyewear.com\/ca\/wp-json\/wp\/v2\/media?parent=6247"}],"wp:term":[{"taxonomy":"product_brand","embeddable":true,"href":"https:\/\/eyo-eyewear.com\/ca\/wp-json\/wp\/v2\/product_brand?post=6247"},{"taxonomy":"product_cat","embeddable":true,"href":"https:\/\/eyo-eyewear.com\/ca\/wp-json\/wp\/v2\/product_cat?post=6247"},{"taxonomy":"product_tag","embeddable":true,"href":"https:\/\/eyo-eyewear.com\/ca\/wp-json\/wp\/v2\/product_tag?post=6247"}],"curies":[{"name":"wp","href":"https:\/\/api.w.org\/{rel}","templated":true}]}}