{"id":6257,"date":"2023-09-26T14:28:41","date_gmt":"2023-09-26T14:28:41","guid":{"rendered":"http:\/\/eyo-eyewear.comproducto\/classy-oxford\/"},"modified":"2023-11-29T11:54:02","modified_gmt":"2023-11-29T11:54:02","slug":"classy-oxford","status":"publish","type":"product","link":"https:\/\/eyo-eyewear.com\/ca\/producto\/classy-oxford\/","title":{"rendered":"Classy Oxford"},"content":{"rendered":"","protected":false},"excerpt":{"rendered":"<p>Oxford, bressol de la saviesa i el coneixement, no nom\u00e9s \u00e9s una ciutat ideal per als amants de la literatura sin\u00f3 que amb el seu encant \u00fanic aconsegueix captivar tothom. L&#8217;estil retro de la ciutat va inspirar el disseny de les <strong>Classy Oxford.<\/strong><\/p>\n<p>Eleg\u00e0ncia i sobrietat en unes ulleres unisex de l\u00ednies dures i marcades que, gr\u00e0cies als colors foscos, potencia les faccions de cada rostre, refor\u00e7ant l&#8217;expressi\u00f3 i la personalitat de qui les porta, donant un toc final retro a qualsevol look. La <strong>Classy Oxford<\/strong> ens transporta a la fascinant ciutat anglesa amb el mateix nom. Una metr\u00f2poli de gran riquesa des del punt de vista arquitect\u00f2nic i hist\u00f2ric i que acull una de les m\u00e9s conegudes i prestigioses universitats de tot el planeta.<\/p>\n<p class=\"medidas\">MIDES:<\/p>\n<ul class=\"iconproducts\">\n<li><img decoding=\"async\" src=\"https:\/\/eyo-eyewear.com\/wp-content\/uploads\/2023\/10\/iconos-03.webp\"> 142mm<\/li>\n<li><img decoding=\"async\" src=\"https:\/\/eyo-eyewear.com\/wp-content\/uploads\/2023\/10\/iconos-02.webp\"> 53mm<\/li>\n<li><img decoding=\"async\" src=\"https:\/\/eyo-eyewear.com\/wp-content\/uploads\/2023\/10\/iconos-01.png\"> 18mm<\/li>\n<\/ul>\n","protected":false},"featured_media":5517,"template":"","meta":[],"product_brand":[],"product_cat":[166],"product_tag":[163],"class_list":{"0":"post-6257","1":"product","2":"type-product","3":"status-publish","4":"has-post-thumbnail","6":"product_cat-pasta-ca","7":"product_tag-muntura-acetat","9":"first","10":"instock","11":"taxable","12":"shipping-taxable","13":"purchasable","14":"product-type-variable","15":"has-default-attributes"},"_links":{"self":[{"href":"https:\/\/eyo-eyewear.com\/ca\/wp-json\/wp\/v2\/product\/6257","targetHints":{"allow":["GET"]}}],"collection":[{"href":"https:\/\/eyo-eyewear.com\/ca\/wp-json\/wp\/v2\/product"}],"about":[{"href":"https:\/\/eyo-eyewear.com\/ca\/wp-json\/wp\/v2\/types\/product"}],"version-history":[{"count":2,"href":"https:\/\/eyo-eyewear.com\/ca\/wp-json\/wp\/v2\/product\/6257\/revisions"}],"predecessor-version":[{"id":6712,"href":"https:\/\/eyo-eyewear.com\/ca\/wp-json\/wp\/v2\/product\/6257\/revisions\/6712"}],"wp:featuredmedia":[{"embeddable":true,"href":"https:\/\/eyo-eyewear.com\/ca\/wp-json\/wp\/v2\/media\/5517"}],"wp:attachment":[{"href":"https:\/\/eyo-eyewear.com\/ca\/wp-json\/wp\/v2\/media?parent=6257"}],"wp:term":[{"taxonomy":"product_brand","embeddable":true,"href":"https:\/\/eyo-eyewear.com\/ca\/wp-json\/wp\/v2\/product_brand?post=6257"},{"taxonomy":"product_cat","embeddable":true,"href":"https:\/\/eyo-eyewear.com\/ca\/wp-json\/wp\/v2\/product_cat?post=6257"},{"taxonomy":"product_tag","embeddable":true,"href":"https:\/\/eyo-eyewear.com\/ca\/wp-json\/wp\/v2\/product_tag?post=6257"}],"curies":[{"name":"wp","href":"https:\/\/api.w.org\/{rel}","templated":true}]}}