{"id":6277,"date":"2023-10-13T06:28:03","date_gmt":"2023-10-13T06:28:03","guid":{"rendered":"http:\/\/eyo-eyewear.com?post_type=product&#038;p=6277"},"modified":"2023-12-21T09:43:15","modified_gmt":"2023-12-21T09:43:15","slug":"serene-kyoto","status":"publish","type":"product","link":"https:\/\/eyo-eyewear.com\/ca\/producto\/serene-kyoto\/","title":{"rendered":"Serene Kyoto"},"content":{"rendered":"","protected":false},"excerpt":{"rendered":"<p><span style=\"font-weight: 400;\">Kyoto, la joia de la cultura japonesa, cobra vida a les <\/span><b>Serene Kyoto<\/b><span style=\"font-weight: 400;\">. Una ciutat m\u00edstica i plena d&#8217;encant, que captiva a tots els qui la visiten amb la seva serenitat, hist\u00f2ria i bellesa tradicional japonesa. Inspirades en l&#8217;arquitectura i el paisatge de Kyoto, aquestes ulleres capturen l&#8217;ess\u00e8ncia de l&#8217;harmonia que es respira als temples antics i jardins <em>zen<\/em>.<\/span><\/p>\n<p><span style=\"font-weight: 400;\">El seu disseny elegant i minimalista, l\u00ednies suaus i colors evocadors fan que aquesta muntura transmeti la pau i l&#8217;equilibri d&#8217;aquesta destinaci\u00f3 emblem\u00e0tica. Fabricades amb acetat de qualitat, s\u00f3n ideals per a persones que busquen un estil sofisticat i una mirada serena i equilibrada. Deixa que les <\/span><b>Serene Kyoto<\/b><span style=\"font-weight: 400;\"> et gui\u00efn cap a un m\u00f3n de tranquil\u00b7litat i eleg\u00e0ncia.<\/span><\/p>\n<p class=\"medidas\">MESURES:<\/p>\n<ul class=\"iconproducts\">\n<li><img decoding=\"async\" src=\"https:\/\/eyo-eyewear.com\/wp-content\/uploads\/2023\/10\/iconos-03.webp\" \/> 141mm<\/li>\n<li><img decoding=\"async\" src=\"https:\/\/eyo-eyewear.com\/wp-content\/uploads\/2023\/10\/iconos-02.webp\" \/> 51mm<\/li>\n<li><img decoding=\"async\" src=\"https:\/\/eyo-eyewear.com\/wp-content\/uploads\/2023\/10\/iconos-01.png\" \/> 19mm<\/li>\n<\/ul>\n","protected":false},"featured_media":6562,"template":"","meta":[],"product_brand":[],"product_cat":[166],"product_tag":[163],"class_list":{"0":"post-6277","1":"product","2":"type-product","3":"status-publish","4":"has-post-thumbnail","6":"product_cat-pasta-ca","7":"product_tag-muntura-acetat","9":"first","10":"instock","11":"taxable","12":"shipping-taxable","13":"purchasable","14":"product-type-variable","15":"has-default-attributes"},"_links":{"self":[{"href":"https:\/\/eyo-eyewear.com\/ca\/wp-json\/wp\/v2\/product\/6277","targetHints":{"allow":["GET"]}}],"collection":[{"href":"https:\/\/eyo-eyewear.com\/ca\/wp-json\/wp\/v2\/product"}],"about":[{"href":"https:\/\/eyo-eyewear.com\/ca\/wp-json\/wp\/v2\/types\/product"}],"version-history":[{"count":1,"href":"https:\/\/eyo-eyewear.com\/ca\/wp-json\/wp\/v2\/product\/6277\/revisions"}],"predecessor-version":[{"id":6650,"href":"https:\/\/eyo-eyewear.com\/ca\/wp-json\/wp\/v2\/product\/6277\/revisions\/6650"}],"wp:featuredmedia":[{"embeddable":true,"href":"https:\/\/eyo-eyewear.com\/ca\/wp-json\/wp\/v2\/media\/6562"}],"wp:attachment":[{"href":"https:\/\/eyo-eyewear.com\/ca\/wp-json\/wp\/v2\/media?parent=6277"}],"wp:term":[{"taxonomy":"product_brand","embeddable":true,"href":"https:\/\/eyo-eyewear.com\/ca\/wp-json\/wp\/v2\/product_brand?post=6277"},{"taxonomy":"product_cat","embeddable":true,"href":"https:\/\/eyo-eyewear.com\/ca\/wp-json\/wp\/v2\/product_cat?post=6277"},{"taxonomy":"product_tag","embeddable":true,"href":"https:\/\/eyo-eyewear.com\/ca\/wp-json\/wp\/v2\/product_tag?post=6277"}],"curies":[{"name":"wp","href":"https:\/\/api.w.org\/{rel}","templated":true}]}}