{"id":6303,"date":"2023-10-13T06:46:16","date_gmt":"2023-10-13T06:46:16","guid":{"rendered":"http:\/\/eyo-eyewear.com?post_type=product&#038;p=6303"},"modified":"2023-12-21T09:42:31","modified_gmt":"2023-12-21T09:42:31","slug":"dynamic-dubai","status":"publish","type":"product","link":"https:\/\/eyo-eyewear.com\/ca\/producto\/dynamic-dubai\/","title":{"rendered":"Dynamic Dubai"},"content":{"rendered":"","protected":false},"excerpt":{"rendered":"<p><span style=\"font-weight: 400;\">Dubai, la metr\u00f2poli futurista del luxe i la modernitat, ha deixat la seva empremta en les <\/span><b>Dynamic Dubai<\/b><span style=\"font-weight: 400;\">. Aquestes ulleres capturen l&#8217;ess\u00e8ncia de la ciutat amb el seu estil contemporani i auda\u00e7. El seu disseny \u00e9s reflex de l&#8217;energia i el dinamisme que distingeixen aquest emocionant dest\u00ed. Inspirades en la innovaci\u00f3 i l&#8217;aventura que es respira en cada rac\u00f3 de Dubai, les <\/span><b>Dynamic Dubai<\/b><span style=\"font-weight: 400;\"> s\u00f3n molt m\u00e9s que unes ulleres; s\u00f3n un s\u00edmbol de la determinaci\u00f3 d&#8217;anar m\u00e9s enll\u00e0 dels l\u00edmits establerts.<\/span><\/p>\n<p><span style=\"font-weight: 400;\">Prepara&#8217;t per a explorar nous horitzons i desafiar el que \u00e9s convencional amb aquestes ulleres que traspuen l&#8217;ess\u00e8ncia mateixa de la metr\u00f2polis del futur. Conquereix cada dia amb una mirada que reflecteixi el teu esperit avantguardista i destaqui per la seva aparen\u00e7a distintiva.<\/span><\/p>\n<p class=\"medidas\">MESURES:<\/p>\n<ul class=\"iconproducts\">\n<li><img decoding=\"async\" src=\"https:\/\/eyo-eyewear.com\/wp-content\/uploads\/2023\/10\/iconos-03.webp\" \/> 137mm<\/li>\n<li><img decoding=\"async\" src=\"https:\/\/eyo-eyewear.com\/wp-content\/uploads\/2023\/10\/iconos-02.webp\" \/> 50mm<\/li>\n<li><img decoding=\"async\" src=\"https:\/\/eyo-eyewear.com\/wp-content\/uploads\/2023\/10\/iconos-01.png\" \/> 20mm<\/li>\n<\/ul>\n","protected":false},"featured_media":6496,"template":"","meta":[],"product_brand":[],"product_cat":[166],"product_tag":[163],"class_list":{"0":"post-6303","1":"product","2":"type-product","3":"status-publish","4":"has-post-thumbnail","6":"product_cat-pasta-ca","7":"product_tag-muntura-acetat","9":"first","10":"instock","11":"taxable","12":"shipping-taxable","13":"purchasable","14":"product-type-variable","15":"has-default-attributes"},"_links":{"self":[{"href":"https:\/\/eyo-eyewear.com\/ca\/wp-json\/wp\/v2\/product\/6303","targetHints":{"allow":["GET"]}}],"collection":[{"href":"https:\/\/eyo-eyewear.com\/ca\/wp-json\/wp\/v2\/product"}],"about":[{"href":"https:\/\/eyo-eyewear.com\/ca\/wp-json\/wp\/v2\/types\/product"}],"version-history":[{"count":1,"href":"https:\/\/eyo-eyewear.com\/ca\/wp-json\/wp\/v2\/product\/6303\/revisions"}],"predecessor-version":[{"id":6648,"href":"https:\/\/eyo-eyewear.com\/ca\/wp-json\/wp\/v2\/product\/6303\/revisions\/6648"}],"wp:featuredmedia":[{"embeddable":true,"href":"https:\/\/eyo-eyewear.com\/ca\/wp-json\/wp\/v2\/media\/6496"}],"wp:attachment":[{"href":"https:\/\/eyo-eyewear.com\/ca\/wp-json\/wp\/v2\/media?parent=6303"}],"wp:term":[{"taxonomy":"product_brand","embeddable":true,"href":"https:\/\/eyo-eyewear.com\/ca\/wp-json\/wp\/v2\/product_brand?post=6303"},{"taxonomy":"product_cat","embeddable":true,"href":"https:\/\/eyo-eyewear.com\/ca\/wp-json\/wp\/v2\/product_cat?post=6303"},{"taxonomy":"product_tag","embeddable":true,"href":"https:\/\/eyo-eyewear.com\/ca\/wp-json\/wp\/v2\/product_tag?post=6303"}],"curies":[{"name":"wp","href":"https:\/\/api.w.org\/{rel}","templated":true}]}}